{"id":23,"date":"2024-09-20T13:31:40","date_gmt":"2024-09-20T11:31:40","guid":{"rendered":"https:\/\/csad-ad.cz\/?page_id=23"},"modified":"2025-03-24T14:19:04","modified_gmt":"2025-03-24T13:19:04","slug":"cenik-a-smluvni-prepravni-podminky","status":"publish","type":"page","link":"https:\/\/csad-ad.cz\/index.php\/cenik-a-smluvni-prepravni-podminky\/","title":{"rendered":"Cen\u00edk a smluvn\u00ed p\u0159epravn\u00ed podm\u00ednky"},"content":{"rendered":"\n<figure class=\"wp-block-table\"><table class=\"has-fixed-layout\"><tbody><tr><td><strong>Platn\u00e9 pro linky PID<\/strong><\/td><\/tr><tr><td><strong><a href=\"https:\/\/pid.cz\/ke-stazeni\/?search=smluvn%C3%AD+p%C5%99epravn%C3%AD+podm%C3%ADnky&amp;type=tarif&amp;orderby=modified&amp;pg=1\" target=\"_blank\" rel=\"noreferrer noopener\"><\/a><a href=\"https:\/\/pid.cz\/praha\/\" target=\"_blank\" rel=\"noreferrer noopener\">Tarif PID<\/a><\/strong> &#8211; cestov\u00e1n\u00ed po Praze<\/td><\/tr><tr><td><strong><a href=\"https:\/\/pid.cz\/ke-stazeni\/?search=smluvn%C3%AD+p%C5%99epravn%C3%AD+podm%C3%ADnky&amp;type=tarif&amp;orderby=modified&amp;pg=1\" target=\"_blank\" rel=\"noreferrer noopener\"><\/a><a href=\"https:\/\/pid.cz\/primestske-cestovani\/\" target=\"_blank\" rel=\"noreferrer noopener\">Tarif PID<\/a><\/strong> &#8211; p\u0159\u00edm\u011bstsk\u00e9 cestov\u00e1n\u00ed a cestov\u00e1n\u00ed ve St\u0159edo\u010desk\u00e9m kraji<\/td><\/tr><tr><td><strong><a href=\"https:\/\/csad-sc.cz\/wp-content\/uploads\/2025\/01\/tarif_PID_2023-04-01_priloha_05_d2_d6_d7_d14_d15_d16.pdf\" target=\"_blank\" rel=\"noreferrer noopener\">M\u00edstn\u00ed tarify MHD platn\u00e9 v soub\u011bhu s Tarifem PID<\/a><\/strong><\/td><\/tr><tr><td><strong><a href=\"https:\/\/pid.cz\/ke-stazeni\/?search=smluvn%C3%AD+p%C5%99epravn%C3%AD+podm%C3%ADnky&amp;type=tarif&amp;orderby=modified&amp;pg=1\" target=\"_blank\" rel=\"noreferrer noopener\"><\/a><a href=\"http:\/\/ropid.cz\/tarif\/\" target=\"_blank\" rel=\"noreferrer noopener\">Tarif PID<\/a><\/strong> &#8211; cel\u00e9 zn\u011bn\u00ed<\/td><\/tr><tr><td><strong><a href=\"https:\/\/pid.cz\/ke-stazeni\/?search=smluvn%C3%AD+p%C5%99epravn%C3%AD+podm%C3%ADnky&amp;type=tarif&amp;orderby=modified&amp;pg=1\" target=\"_blank\" rel=\"noreferrer noopener\">Smluvn\u00ed p\u0159epravn\u00ed podm\u00ednky PID<\/a><\/strong><\/td><\/tr><\/tbody><\/table><\/figure>\n","protected":false},"excerpt":{"rendered":"<p>Platn\u00e9 pro linky PID Tarif PID &#8211; cestov\u00e1n\u00ed po Praze Tarif PID &#8211; p\u0159\u00edm\u011bstsk\u00e9 cestov\u00e1n\u00ed a cestov\u00e1n\u00ed ve St\u0159edo\u010desk\u00e9m kraji M\u00edstn\u00ed tarify MHD platn\u00e9 v soub\u011bhu s Tarifem PID Tarif PID &#8211; cel\u00e9 zn\u011bn\u00ed Smluvn\u00ed p\u0159epravn\u00ed podm\u00ednky PID<\/p>\n","protected":false},"author":2,"featured_media":0,"parent":0,"menu_order":0,"comment_status":"closed","ping_status":"closed","template":"","meta":{"footnotes":""},"class_list":["post-23","page","type-page","status-publish","hentry"],"_links":{"self":[{"href":"https:\/\/csad-ad.cz\/index.php\/wp-json\/wp\/v2\/pages\/23","targetHints":{"allow":["GET"]}}],"collection":[{"href":"https:\/\/csad-ad.cz\/index.php\/wp-json\/wp\/v2\/pages"}],"about":[{"href":"https:\/\/csad-ad.cz\/index.php\/wp-json\/wp\/v2\/types\/page"}],"author":[{"embeddable":true,"href":"https:\/\/csad-ad.cz\/index.php\/wp-json\/wp\/v2\/users\/2"}],"replies":[{"embeddable":true,"href":"https:\/\/csad-ad.cz\/index.php\/wp-json\/wp\/v2\/comments?post=23"}],"version-history":[{"count":2,"href":"https:\/\/csad-ad.cz\/index.php\/wp-json\/wp\/v2\/pages\/23\/revisions"}],"predecessor-version":[{"id":76,"href":"https:\/\/csad-ad.cz\/index.php\/wp-json\/wp\/v2\/pages\/23\/revisions\/76"}],"wp:attachment":[{"href":"https:\/\/csad-ad.cz\/index.php\/wp-json\/wp\/v2\/media?parent=23"}],"curies":[{"name":"wp","href":"https:\/\/api.w.org\/{rel}","templated":true}]}}