{"id":28,"date":"2024-09-20T13:31:40","date_gmt":"2024-09-20T11:31:40","guid":{"rendered":"https:\/\/csad-ad.cz\/?page_id=28"},"modified":"2025-03-24T14:24:59","modified_gmt":"2025-03-24T13:24:59","slug":"reklamni-plochy","status":"publish","type":"page","link":"https:\/\/csad-ad.cz\/index.php\/reklamni-plochy\/","title":{"rendered":"Reklamn\u00ed plochy"},"content":{"rendered":"\n<p class=\"has-large-font-size\"><p class=\"has-larger-font-size\" style=\"font-style: normal; font-weight: 500; text-align: center;\">Marketpro s.r.o.<\/p><\/p>\n\n\n\n<p class=\"has-large-font-size\" style=\"font-style:normal;font-weight:500;letter-spacing:px\"><p class=\"has-large-font-size\" style=\"font-style: normal; font-weight: 500; text-align: center;\">I\u010c: 27620514, DI\u010c: CZ27620514<br><a class=\"\" href=\"mailto:bus@marketpro.cz\">e-mail: bus@marketpro.cz<\/a><br>mobil +420 603 267 589<\/p><\/p>\n\n\n\n<p class=\"has-large-font-size\"><p class=\"has-large-font-size\" style=\"text-align: center;\"><strong>Galerie reklamn\u00edch ploch<\/strong><\/p><\/p>\n\n\n\n<figure class=\"wp-block-gallery has-nested-images columns-default is-cropped wp-block-gallery-1 is-layout-flex wp-block-gallery-is-layout-flex\">\n<figure class=\"wp-block-image size-large is-style-default\"><a href=\"https:\/\/csad-sc.cz\/wp-content\/uploads\/2023\/09\/1.jpg\" target=\"_blank\" rel=\"noopener\"><img decoding=\"async\" data-id=\"2466\" src=\"https:\/\/csad-sc.cz\/wp-content\/uploads\/2023\/09\/1.jpg\" alt=\"\" class=\"wp-image-2466\"\/><\/a><\/figure>\n\n\n\n<figure class=\"wp-block-image size-large\"><a href=\"https:\/\/csad-sc.cz\/wp-content\/uploads\/2023\/09\/2.jpg\" target=\"_blank\" rel=\"noopener\"><img decoding=\"async\" data-id=\"2469\" src=\"https:\/\/csad-sc.cz\/wp-content\/uploads\/2023\/09\/2.jpg\" alt=\"\" class=\"wp-image-2469\"\/><\/a><\/figure>\n\n\n\n<figure class=\"wp-block-image size-large\"><a href=\"https:\/\/csad-sc.cz\/wp-content\/uploads\/2023\/09\/3.jpg\" target=\"_blank\" rel=\"noopener\"><img decoding=\"async\" data-id=\"2468\" src=\"https:\/\/csad-sc.cz\/wp-content\/uploads\/2023\/09\/3.jpg\" alt=\"\" class=\"wp-image-2468\"\/><\/a><\/figure>\n\n\n\n<figure class=\"wp-block-image size-large\"><a href=\"https:\/\/csad-sc.cz\/wp-content\/uploads\/2023\/09\/4.jpg\" target=\"_blank\" rel=\"noopener\"><img decoding=\"async\" data-id=\"2470\" src=\"https:\/\/csad-sc.cz\/wp-content\/uploads\/2023\/09\/4.jpg\" alt=\"\" class=\"wp-image-2470\"\/><\/a><\/figure>\n\n\n\n<figure class=\"wp-block-image size-large\"><a href=\"https:\/\/csad-sc.cz\/wp-content\/uploads\/2023\/09\/5.jpg\" target=\"_blank\" rel=\"noopener\"><img decoding=\"async\" data-id=\"2467\" src=\"https:\/\/csad-sc.cz\/wp-content\/uploads\/2023\/09\/5.jpg\" alt=\"\" class=\"wp-image-2467\"\/><\/a><\/figure>\n\n\n\n<figure class=\"wp-block-image size-large\"><a href=\"https:\/\/csad-sc.cz\/wp-content\/uploads\/2023\/09\/6.jpg\" target=\"_blank\" rel=\"noopener\"><img decoding=\"async\" data-id=\"2471\" src=\"https:\/\/csad-sc.cz\/wp-content\/uploads\/2023\/09\/6.jpg\" alt=\"\" class=\"wp-image-2471\"\/><\/a><\/figure>\n\n\n\n<figure class=\"wp-block-image size-large\"><a href=\"https:\/\/csad-sc.cz\/wp-content\/uploads\/2023\/09\/7.jpg\" target=\"_blank\" rel=\"noopener\"><img decoding=\"async\" data-id=\"2472\" src=\"https:\/\/csad-sc.cz\/wp-content\/uploads\/2023\/09\/7.jpg\" alt=\"\" class=\"wp-image-2472\"\/><\/a><\/figure>\n\n\n\n<figure class=\"wp-block-image size-large\"><a href=\"https:\/\/csad-sc.cz\/wp-content\/uploads\/2023\/09\/8.jpg\" target=\"_blank\" rel=\"noopener\"><img decoding=\"async\" data-id=\"2473\" src=\"https:\/\/csad-sc.cz\/wp-content\/uploads\/2023\/09\/8.jpg\" alt=\"\" class=\"wp-image-2473\"\/><\/a><\/figure>\n\n\n\n<figure class=\"wp-block-image size-large\"><a href=\"https:\/\/csad-sc.cz\/wp-content\/uploads\/2023\/09\/9.jpg\" target=\"_blank\" rel=\"noopener\"><img decoding=\"async\" data-id=\"2474\" src=\"https:\/\/csad-sc.cz\/wp-content\/uploads\/2023\/09\/9.jpg\" alt=\"\" class=\"wp-image-2474\"\/><\/a><\/figure>\n\n\n\n<figure class=\"wp-block-image size-large\"><a href=\"https:\/\/csad-sc.cz\/wp-content\/uploads\/2023\/09\/10.jpg\" target=\"_blank\" rel=\"noopener\"><img decoding=\"async\" data-id=\"2475\" src=\"https:\/\/csad-sc.cz\/wp-content\/uploads\/2023\/09\/10.jpg\" alt=\"\" class=\"wp-image-2475\"\/><\/a><\/figure>\n\n\n\n<figure class=\"wp-block-image size-large\"><a href=\"https:\/\/csad-sc.cz\/wp-content\/uploads\/2023\/09\/11.jpg\" target=\"_blank\" rel=\"noopener\"><img decoding=\"async\" data-id=\"2477\" src=\"https:\/\/csad-sc.cz\/wp-content\/uploads\/2023\/09\/11.jpg\" alt=\"\" class=\"wp-image-2477\"\/><\/a><\/figure>\n\n\n\n<figure class=\"wp-block-image size-large\"><a href=\"https:\/\/csad-sc.cz\/wp-content\/uploads\/2023\/09\/12.jpg\" target=\"_blank\" rel=\"noopener\"><img decoding=\"async\" data-id=\"2476\" src=\"https:\/\/csad-sc.cz\/wp-content\/uploads\/2023\/09\/12.jpg\" alt=\"\" class=\"wp-image-2476\"\/><\/a><\/figure>\n\n\n\n<figure class=\"wp-block-image size-large\"><a href=\"https:\/\/csad-sc.cz\/wp-content\/uploads\/2023\/09\/13.jpg\" target=\"_blank\" rel=\"noopener\"><img decoding=\"async\" data-id=\"2478\" src=\"https:\/\/csad-sc.cz\/wp-content\/uploads\/2023\/09\/13.jpg\" alt=\"\" class=\"wp-image-2478\"\/><\/a><\/figure>\n<\/figure>\n","protected":false},"excerpt":{"rendered":"<p>Marketpro s.r.o. I\u010c: 27620514, DI\u010c: CZ27620514e-mail: bus@marketpro.czmobil +420 603 267 589 Galerie reklamn\u00edch ploch<\/p>\n","protected":false},"author":2,"featured_media":0,"parent":0,"menu_order":0,"comment_status":"closed","ping_status":"closed","template":"","meta":{"footnotes":""},"class_list":["post-28","page","type-page","status-publish","hentry"],"_links":{"self":[{"href":"https:\/\/csad-ad.cz\/index.php\/wp-json\/wp\/v2\/pages\/28","targetHints":{"allow":["GET"]}}],"collection":[{"href":"https:\/\/csad-ad.cz\/index.php\/wp-json\/wp\/v2\/pages"}],"about":[{"href":"https:\/\/csad-ad.cz\/index.php\/wp-json\/wp\/v2\/types\/page"}],"author":[{"embeddable":true,"href":"https:\/\/csad-ad.cz\/index.php\/wp-json\/wp\/v2\/users\/2"}],"replies":[{"embeddable":true,"href":"https:\/\/csad-ad.cz\/index.php\/wp-json\/wp\/v2\/comments?post=28"}],"version-history":[{"count":2,"href":"https:\/\/csad-ad.cz\/index.php\/wp-json\/wp\/v2\/pages\/28\/revisions"}],"predecessor-version":[{"id":82,"href":"https:\/\/csad-ad.cz\/index.php\/wp-json\/wp\/v2\/pages\/28\/revisions\/82"}],"wp:attachment":[{"href":"https:\/\/csad-ad.cz\/index.php\/wp-json\/wp\/v2\/media?parent=28"}],"curies":[{"name":"wp","href":"https:\/\/api.w.org\/{rel}","templated":true}]}}