{"id":72,"date":"2025-03-24T14:13:53","date_gmt":"2025-03-24T13:13:53","guid":{"rendered":"https:\/\/csad-ad.cz\/?page_id=72"},"modified":"2025-03-24T14:13:53","modified_gmt":"2025-03-24T13:13:53","slug":"uvod","status":"publish","type":"page","link":"https:\/\/csad-ad.cz\/","title":{"rendered":"\u00davod"},"content":{"rendered":"\n<h1 class=\"wp-block-heading\"><br>Spole\u010dnost AD ST\u0158EDN\u00cd \u010cECHY<\/h1>\n\n\n\n<p id=\"block-9bd1f50a-83da-4549-84ce-a95c3e4945e0\">byla zalo\u017eena v roce 2020.<\/p>\n\n\n\n<p id=\"block-d5648950-216e-4cc2-94c8-8bb2711e9788\">Od 1. prosince 2024 provozuje v syst\u00e9mu PID linky 375 (Praha \u2013 Brand\u00fds nad Labem-Star\u00e1 Boleslav) a 377 (Praha \u2013 Kostelec nad Labem).<\/p>\n","protected":false},"excerpt":{"rendered":"<p>Spole\u010dnost AD ST\u0158EDN\u00cd \u010cECHY byla zalo\u017eena v roce 2020. Od 1. prosince 2024 provozuje v syst\u00e9mu PID linky 375 (Praha \u2013 Brand\u00fds nad Labem-Star\u00e1 Boleslav) a 377 (Praha \u2013 Kostelec nad Labem).<\/p>\n","protected":false},"author":2,"featured_media":0,"parent":0,"menu_order":0,"comment_status":"closed","ping_status":"closed","template":"","meta":{"footnotes":""},"class_list":["post-72","page","type-page","status-publish","hentry"],"_links":{"self":[{"href":"https:\/\/csad-ad.cz\/index.php\/wp-json\/wp\/v2\/pages\/72","targetHints":{"allow":["GET"]}}],"collection":[{"href":"https:\/\/csad-ad.cz\/index.php\/wp-json\/wp\/v2\/pages"}],"about":[{"href":"https:\/\/csad-ad.cz\/index.php\/wp-json\/wp\/v2\/types\/page"}],"author":[{"embeddable":true,"href":"https:\/\/csad-ad.cz\/index.php\/wp-json\/wp\/v2\/users\/2"}],"replies":[{"embeddable":true,"href":"https:\/\/csad-ad.cz\/index.php\/wp-json\/wp\/v2\/comments?post=72"}],"version-history":[{"count":1,"href":"https:\/\/csad-ad.cz\/index.php\/wp-json\/wp\/v2\/pages\/72\/revisions"}],"predecessor-version":[{"id":73,"href":"https:\/\/csad-ad.cz\/index.php\/wp-json\/wp\/v2\/pages\/72\/revisions\/73"}],"wp:attachment":[{"href":"https:\/\/csad-ad.cz\/index.php\/wp-json\/wp\/v2\/media?parent=72"}],"curies":[{"name":"wp","href":"https:\/\/api.w.org\/{rel}","templated":true}]}}